{"id":2990,"date":"2023-12-04T15:24:47","date_gmt":"2023-12-04T14:24:47","guid":{"rendered":"https:\/\/wokshanghai.es\/?page_id=2990"},"modified":"2023-12-04T15:31:56","modified_gmt":"2023-12-04T14:31:56","slug":"legal-notice","status":"publish","type":"page","link":"https:\/\/wokshanghai.es\/en\/legal-notice\/","title":{"rendered":"Legal Notice"},"content":{"rendered":"<div data-elementor-type=\"wp-page\" data-elementor-id=\"2990\" class=\"elementor elementor-2990\" data-elementor-post-type=\"page\">\n\t\t\t\t<div class=\"elementor-element elementor-element-1aeffec9 e-con-full e-flex e-con e-parent\" data-id=\"1aeffec9\" data-element_type=\"container\" data-e-type=\"container\">\n\t\t\t\t<div class=\"elementor-element elementor-element-988df1c elementor-widget elementor-widget-heading\" data-id=\"988df1c\" data-element_type=\"widget\" data-e-type=\"widget\" data-widget_type=\"heading.default\">\n\t\t\t\t<div class=\"elementor-widget-container\">\n\t\t\t\t\t<h2 class=\"elementor-heading-title elementor-size-default\">Legal Notice <\/h2>\t\t\t\t<\/div>\n\t\t\t\t<\/div>\n\t\t\t\t<div class=\"elementor-element elementor-element-647dd31e elementor-widget elementor-widget-text-editor\" data-id=\"647dd31e\" data-element_type=\"widget\" data-e-type=\"widget\" data-widget_type=\"text-editor.default\">\n\t\t\t\t<div class=\"elementor-widget-container\">\n\t\t\t\t\t\t\t\t\t<p>This LEGAL NOTICE regulates the rights and obligations of wokshanghai.es and users, in relation to access, navigation and use of this website without prejudice to https:\/\/wokshanghai.es\/se reserves the right to modify, without prior notice, its content, being in force those that are published at the time of navigation.<br \/>By browsing, viewing and using this website you acquire the status of user, and therefore implies your express acceptance of all the clauses indicated in this Legal Notice, as well as the other warnings or specific clauses that are established in the different sections for the contracting, use of services, products, registrations, or sections of the Page.<br \/>Therefore, if you do not accept the clauses set out in this Legal Notice, you must refrain from accessing and\/or using the services and\/or contents made available to you on the Site, and you must leave the Site.<br \/>wokshanghai.es may terminate, suspend or interrupt, at any time without prior notice, access to the contents of the site, without the User being able to claim any compensation whatsoever. However, in the event of closure of the platform, we will try to refund any payments that have been made for annual subscriptions not completed.<\/p>\n<p><br \/><strong>Personal and fiscal information of the person responsible for the website<\/strong><br \/>Identity of person responsible: Sof\u00eda Juanes Medina<br \/>NIF:<br \/>Trade name: Shanghai Wok<br \/>Address: <br \/>Telephone: 644677870 - 633850966<br \/>E-mail: Gruposhanghai2@gmail.com<br \/>Website name: wokshanghai.es<br \/><strong>Form of income:<\/strong><br \/>The ** wokshanghai.co.uk ** website is a corporate website that does not generate online revenue.<br \/><strong>Services:<\/strong><br \/>- Asian food trucks and desserts for events.<\/p>\n<p><br \/><strong>Terms of use<\/strong><br \/>If you browse this website you tacitly accept the terms of use and privacy terms, as well as declaring that you have read the legal notice.<br \/>Neither this website nor its legal representatives are responsible for the content or veracity of the privacy policies that third party services outside this website may have.<br \/>Copying or transcribing all or part of any text from this website for any use is expressly prohibited. The texts on this website are intended to be read only, please refrain from using them for any other purpose.<br \/>The copying or downloading of images from this website is expressly prohibited.<br \/>Hotlinking of images from this website is not permitted.<br \/>It is permitted to copy and use the HTML structures and CSS styles used in this website, as long as it is only partially and never the whole of the format, generating a website identical to this one.<br \/>In the event of non-compliance with these conditions, we may be obliged to take appropriate legal action.<\/p>\t\t\t\t\t\t\t\t<\/div>\n\t\t\t\t<\/div>\n\t\t\t\t<\/div>\n\t\t\t\t<\/div>","protected":false},"excerpt":{"rendered":"<p>Aviso Legal El presente AVISO LEGAL regula los derechos y obligaciones del wokshanghai.es y de los usuarios, en relaci\u00f3n al acceso, navegaci\u00f3n y utilizaci\u00f3n de la presente web sin perjuicio de que https:\/\/wokshanghai.es\/se reserve el derecho a modificar, sin previo aviso, su contenido, siendo vigentes las que se encuentren publicadas en el momento de navegaci\u00f3n.Mediante [&hellip;]<\/p>\n","protected":false},"author":1,"featured_media":0,"parent":0,"menu_order":0,"comment_status":"closed","ping_status":"open","template":"elementor_header_footer","meta":{"site-sidebar-layout":"default","site-content-layout":"","ast-site-content-layout":"default","site-content-style":"default","site-sidebar-style":"default","ast-global-header-display":"","ast-banner-title-visibility":"","ast-main-header-display":"","ast-hfb-above-header-display":"","ast-hfb-below-header-display":"","ast-hfb-mobile-header-display":"","site-post-title":"","ast-breadcrumbs-content":"","ast-featured-img":"","footer-sml-layout":"","ast-disable-related-posts":"","theme-transparent-header-meta":"default","adv-header-id-meta":"","stick-header-meta":"","header-above-stick-meta":"","header-main-stick-meta":"","header-below-stick-meta":"","astra-migrate-meta-layouts":"set","ast-page-background-enabled":"default","ast-page-background-meta":{"desktop":{"background-color":"","background-image":"","background-repeat":"repeat","background-position":"center center","background-size":"auto","background-attachment":"scroll","background-type":"","background-media":"","overlay-type":"","overlay-color":"","overlay-opacity":"","overlay-gradient":""},"tablet":{"background-color":"","background-image":"","background-repeat":"repeat","background-position":"center center","background-size":"auto","background-attachment":"scroll","background-type":"","background-media":"","overlay-type":"","overlay-color":"","overlay-opacity":"","overlay-gradient":""},"mobile":{"background-color":"","background-image":"","background-repeat":"repeat","background-position":"center center","background-size":"auto","background-attachment":"scroll","background-type":"","background-media":"","overlay-type":"","overlay-color":"","overlay-opacity":"","overlay-gradient":""}},"ast-content-background-meta":{"desktop":{"background-color":"var(--ast-global-color-5)","background-image":"","background-repeat":"repeat","background-position":"center center","background-size":"auto","background-attachment":"scroll","background-type":"","background-media":"","overlay-type":"","overlay-color":"","overlay-opacity":"","overlay-gradient":""},"tablet":{"background-color":"var(--ast-global-color-5)","background-image":"","background-repeat":"repeat","background-position":"center center","background-size":"auto","background-attachment":"scroll","background-type":"","background-media":"","overlay-type":"","overlay-color":"","overlay-opacity":"","overlay-gradient":""},"mobile":{"background-color":"var(--ast-global-color-5)","background-image":"","background-repeat":"repeat","background-position":"center center","background-size":"auto","background-attachment":"scroll","background-type":"","background-media":"","overlay-type":"","overlay-color":"","overlay-opacity":"","overlay-gradient":""}},"footnotes":""},"class_list":["post-2990","page","type-page","status-publish","hentry"],"_links":{"self":[{"href":"https:\/\/wokshanghai.es\/en\/wp-json\/wp\/v2\/pages\/2990","targetHints":{"allow":["GET"]}}],"collection":[{"href":"https:\/\/wokshanghai.es\/en\/wp-json\/wp\/v2\/pages"}],"about":[{"href":"https:\/\/wokshanghai.es\/en\/wp-json\/wp\/v2\/types\/page"}],"author":[{"embeddable":true,"href":"https:\/\/wokshanghai.es\/en\/wp-json\/wp\/v2\/users\/1"}],"replies":[{"embeddable":true,"href":"https:\/\/wokshanghai.es\/en\/wp-json\/wp\/v2\/comments?post=2990"}],"version-history":[{"count":4,"href":"https:\/\/wokshanghai.es\/en\/wp-json\/wp\/v2\/pages\/2990\/revisions"}],"predecessor-version":[{"id":2995,"href":"https:\/\/wokshanghai.es\/en\/wp-json\/wp\/v2\/pages\/2990\/revisions\/2995"}],"wp:attachment":[{"href":"https:\/\/wokshanghai.es\/en\/wp-json\/wp\/v2\/media?parent=2990"}],"curies":[{"name":"wp","href":"https:\/\/api.w.org\/{rel}","templated":true}]}}